{"id":331,"date":"2016-03-08T13:37:32","date_gmt":"2016-03-08T13:37:32","guid":{"rendered":"http:\/\/www.kohete.com\/?page_id=331"},"modified":"2016-03-08T15:18:29","modified_gmt":"2016-03-08T15:18:29","slug":"que-es-kohete","status":"publish","type":"page","link":"http:\/\/kohete.com\/index.php\/que-es-kohete\/","title":{"rendered":"\u00bfQu\u00e9 es Kohete?"},"content":{"rendered":"<p>[vc_row][vc_column][vc_client_two_container imageposition=\u00bbleft\u00bb agen_img_left_top=\u00bb-90px\u00bb agen_img_left_left=\u00bb-40px\u00bb agen_img_left_width=\u00bb480px\u00bb agen_img_left_height=\u00bb820px\u00bb agen_img_right_top=\u00bb-90px\u00bb agen_img_right_left=\u00bb0px\u00bb agen_img_right_width=\u00bb280px\u00bb agen_img_right_height=\u00bb820px\u00bb agen_img_bottom_position=\u00bb200px\u00bb agen_img_bottom_height=\u00bb265px\u00bb agen_img_r=\u00bb332&#8243; agen_img_b=\u00bb333&#8243; agen_img_l=\u00bb333&#8243;][vc_client_item_two heading=\u00bbNOSOTROS\u00bb slogan=\u00bb\u00bfQu\u00e9 es Kohete?\u00bb button_w=\u00bb\u00a1Con\u00f3zcanos!\u00bb]<strong>Kohete<\/strong> nace de la uni\u00f3n de 4 empresas expertas en los temas de <strong>Estrategia de Internet<\/strong>, puesta en marcha de soluciones de Internet de alto valor y siempre enfocado a obtener los m\u00e1s resultados con nuestros clientes.<\/p>\n<p>Somos el resultado de la uni\u00f3n de Digiway, Innovintergy Consulting, Total Code y Woobsing. Contamos en total con m\u00e1s de <strong>40 a\u00f1os en el mercado Latinoamericano y m\u00e1s de 15 en el mercado estadunidense<\/strong>.[\/vc_client_item_two][\/vc_client_two_container][\/vc_column][\/vc_row]<\/p>\n","protected":false},"excerpt":{"rendered":"<p>[vc_row][vc_column][vc_client_two_container imageposition=\u00bbleft\u00bb agen_img_left_top=\u00bb-90px\u00bb agen_img_left_left=\u00bb-40px\u00bb agen_img_left_width=\u00bb480px\u00bb agen_img_left_height=\u00bb820px\u00bb agen_img_right_top=\u00bb-90px\u00bb agen_img_right_left=\u00bb0px\u00bb agen_img_right_width=\u00bb280px\u00bb agen_img_right_height=\u00bb820px\u00bb agen_img_bottom_position=\u00bb200px\u00bb agen_img_bottom_height=\u00bb265px\u00bb agen_img_r=\u00bb332&#8243; agen_img_b=\u00bb333&#8243; agen_img_l=\u00bb333&#8243;][vc_client_item_two heading=\u00bbNOSOTROS\u00bb slogan=\u00bb\u00bfQu\u00e9 es Kohete?\u00bb button_w=\u00bb\u00a1Con\u00f3zcanos!\u00bb]Kohete nace de la uni\u00f3n de 4 empresas expertas en los temas de Estrategia de Internet, puesta en marcha de soluciones de Internet de alto valor y siempre enfocado a obtener los m\u00e1s resultados con nuestros [&hellip;]<\/p>\n","protected":false},"author":1,"featured_media":0,"parent":0,"menu_order":0,"comment_status":"closed","ping_status":"closed","template":"frontpage.php","meta":[],"_links":{"self":[{"href":"http:\/\/kohete.com\/index.php\/wp-json\/wp\/v2\/pages\/331"}],"collection":[{"href":"http:\/\/kohete.com\/index.php\/wp-json\/wp\/v2\/pages"}],"about":[{"href":"http:\/\/kohete.com\/index.php\/wp-json\/wp\/v2\/types\/page"}],"author":[{"embeddable":true,"href":"http:\/\/kohete.com\/index.php\/wp-json\/wp\/v2\/users\/1"}],"replies":[{"embeddable":true,"href":"http:\/\/kohete.com\/index.php\/wp-json\/wp\/v2\/comments?post=331"}],"version-history":[{"count":14,"href":"http:\/\/kohete.com\/index.php\/wp-json\/wp\/v2\/pages\/331\/revisions"}],"predecessor-version":[{"id":347,"href":"http:\/\/kohete.com\/index.php\/wp-json\/wp\/v2\/pages\/331\/revisions\/347"}],"wp:attachment":[{"href":"http:\/\/kohete.com\/index.php\/wp-json\/wp\/v2\/media?parent=331"}],"curies":[{"name":"wp","href":"https:\/\/api.w.org\/{rel}","templated":true}]}}